{"id":195,"date":"2019-04-03T14:55:01","date_gmt":"2019-04-03T12:55:01","guid":{"rendered":"https:\/\/www.glasto.de\/wp\/?page_id=195"},"modified":"2019-05-04T10:45:42","modified_gmt":"2019-05-04T08:45:42","slug":"standardanfertigungen","status":"publish","type":"page","link":"https:\/\/www.glasto.de\/wp\/standardanfertigungen\/","title":{"rendered":"Standardanfertigungen"},"content":{"rendered":"<p>[et_pb_section fb_built=&#8220;1&#8243; _builder_version=&#8220;3.22.3&#8243; min_height=&#8220;2812px&#8220;][et_pb_row custom_margin=&#8220;-52px|auto||auto||&#8220; _builder_version=&#8220;3.22.3&#8243; min_height=&#8220;149px&#8220;][et_pb_column type=&#8220;4_4&#8243; _builder_version=&#8220;3.21.2&#8243;][et_pb_text _builder_version=&#8220;3.22.4&#8243; min_height=&#8220;86px&#8220; z_index_tablet=&#8220;500&#8243;]<\/p>\n<h2>Glasapparate, Laborger\u00e4te und Gebrauchsgegenst\u00e4nde<\/h2>\n<p>&nbsp;<\/p>\n<p>Glasapparate f\u00fcr die chemische Industrie, Laborger\u00e4te und Gebrauchsger\u00e4te geh\u00f6ren zu den Standardanfertigungen in unserem Haus. Wir haben Ihnen hier ein paar Beispiele zu unserem Lieferprogramm zusammengestellt. Wegen der Vielfalt des Angebotes bitten wir Sie doch einfach bei uns anzufragen, wenn Sie Bedarf an unseren Produkten haben. Die Verwendung von hochwertigem Borosilikatglas ist dabei selbstverst\u00e4ndlich.<\/p>\n<p><a href=\"#bottom\">Wir freuen uns auf Ihre Anfrage:<\/a><\/p>\n<p>&nbsp;<\/p>\n<p>[\/et_pb_text][\/et_pb_column][\/et_pb_row][et_pb_row use_custom_gutter=&#8220;on&#8220; gutter_width=&#8220;2&#8243; custom_padding=&#8220;|||&#8220; custom_margin=&#8220;-102px|auto||auto||&#8220; make_equal=&#8220;on&#8220; background_color_1=&#8220;rgba(31,120,193,0.2)&#8220; background_color_2=&#8220;rgba(31,120,193,0.2)&#8220; background_color_3=&#8220;rgba(31,120,193,0.2)&#8220; background_color_4=&#8220;rgba(31,120,193,0.2)&#8220; padding_top_1=&#8220;5px&#8220; padding_top_2=&#8220;5px&#8220; padding_top_3=&#8220;5px&#8220; padding_top_4=&#8220;5px&#8220; padding_right_1=&#8220;5px&#8220; padding_right_2=&#8220;5px&#8220; padding_right_3=&#8220;5px&#8220; padding_bottom_1=&#8220;5px&#8220; padding_bottom_2=&#8220;5px&#8220; padding_bottom_3=&#8220;5px&#8220; padding_bottom_4=&#8220;5px&#8220; padding_left_1=&#8220;5px&#8220; padding_left_2=&#8220;5px&#8220; padding_left_3=&#8220;5px&#8220; padding_left_4=&#8220;5px&#8220; _builder_version=&#8220;3.22.3&#8243; background_size=&#8220;initial&#8220; background_position=&#8220;top_left&#8220; background_repeat=&#8220;repeat&#8220; border_width_all=&#8220;2px&#8220; border_color_all=&#8220;#0C71C3&#8243; border_style_all=&#8220;none&#8220; module_alignment=&#8220;center&#8220;][et_pb_column type=&#8220;1_4&#8243; _builder_version=&#8220;3.0.47&#8243;][et_pb_blurb image=&#8220;https:\/\/www.glasto.de\/wp\/wp-content\/uploads\/2019\/04\/s39b1-e1554296970734.gif&#8220; _builder_version=&#8220;3.21.2&#8243; z_index_tablet=&#8220;500&#8243;]<\/p>\n<p style=\"text-align: center;\">Dreihalskolben mit 2 schr\u00e4gen Seitenh\u00e4lsen, Duran<\/p>\n<p>[\/et_pb_blurb][\/et_pb_column][et_pb_column type=&#8220;1_4&#8243; _builder_version=&#8220;3.0.47&#8243;][et_pb_blurb image=&#8220;https:\/\/www.glasto.de\/wp\/wp-content\/uploads\/2019\/04\/s39b2-e1554296863574.gif&#8220; _builder_version=&#8220;3.21.2&#8243; z_index_tablet=&#8220;500&#8243;]<\/p>\n<p style=\"text-align: center;\">Vierhalskolben mit 3 geraden Seitenh\u00e4lsen, Duran<\/p>\n<p>[\/et_pb_blurb][\/et_pb_column][et_pb_column type=&#8220;1_4&#8243; _builder_version=&#8220;3.0.47&#8243;][et_pb_blurb image=&#8220;https:\/\/www.glasto.de\/wp\/wp-content\/uploads\/2019\/04\/x54b1.gif&#8220; _builder_version=&#8220;3.22.6&#8243; z_index_tablet=&#8220;500&#8243;]<\/p>\n<p style=\"text-align: center;\">Dreihalsaufs\u00e4tze, Duran<\/p>\n<p>[\/et_pb_blurb][\/et_pb_column][et_pb_column type=&#8220;1_4&#8243; _builder_version=&#8220;3.0.47&#8243;][et_pb_blurb image=&#8220;https:\/\/www.glasto.de\/wp\/wp-content\/uploads\/2019\/04\/s65b1.gif&#8220; _builder_version=&#8220;3.21.2&#8243; z_index_tablet=&#8220;500&#8243;]<\/p>\n<p class=\"p1\" style=\"text-align: center;\">Kolonnenk\u00f6pfe mit Hahn zur R\u00fccklaufeinstellung und Absperrhahn zum K\u00fchlen oder Heizen ummantelt &#8211; Thermometerstutzen NS 14\/23 <br \/>f\u00fcr Thermometer mit Einbaul\u00e4nge 55 mm, Duran<\/p>\n<p>[\/et_pb_blurb][\/et_pb_column][\/et_pb_row][et_pb_row use_custom_gutter=&#8220;on&#8220; gutter_width=&#8220;2&#8243; custom_padding=&#8220;|||&#8220; custom_margin=&#8220;|||&#8220; make_equal=&#8220;on&#8220; background_color_1=&#8220;rgba(31,120,193,0.2)&#8220; background_color_2=&#8220;rgba(31,120,193,0.2)&#8220; background_color_3=&#8220;rgba(31,120,193,0.2)&#8220; background_color_4=&#8220;rgba(31,120,193,0.2)&#8220; padding_top_1=&#8220;5px&#8220; padding_top_2=&#8220;5px&#8220; padding_top_3=&#8220;5px&#8220; padding_top_4=&#8220;5px&#8220; padding_right_1=&#8220;5px&#8220; padding_right_2=&#8220;5px&#8220; padding_right_3=&#8220;5px&#8220; padding_bottom_1=&#8220;5px&#8220; padding_bottom_2=&#8220;5px&#8220; padding_bottom_3=&#8220;5px&#8220; padding_bottom_4=&#8220;5px&#8220; padding_left_1=&#8220;5px&#8220; padding_left_2=&#8220;5px&#8220; padding_left_3=&#8220;5px&#8220; padding_left_4=&#8220;5px&#8220; _builder_version=&#8220;3.22.3&#8243; background_size=&#8220;initial&#8220; background_position=&#8220;top_left&#8220; background_repeat=&#8220;repeat&#8220; border_width_all=&#8220;2px&#8220; border_color_all=&#8220;#0C71C3&#8243; border_style_all=&#8220;none&#8220; module_alignment=&#8220;center&#8220;][et_pb_column type=&#8220;1_4&#8243; _builder_version=&#8220;3.0.47&#8243;][et_pb_blurb image=&#8220;https:\/\/www.glasto.de\/wp\/wp-content\/uploads\/2019\/04\/s72b1.gif&#8220; _builder_version=&#8220;3.21.2&#8243; z_index_tablet=&#8220;500&#8243;]<\/p>\n<p style=\"text-align: center;\">Destilliervorlagen nach Bernhauer, modifiziert mit Absaugstutzen und 3 Kolben <br \/>NS 14\/23, Duran<\/p>\n<p>[\/et_pb_blurb][\/et_pb_column][et_pb_column type=&#8220;1_4&#8243; _builder_version=&#8220;3.0.47&#8243;][et_pb_blurb image=&#8220;https:\/\/www.glasto.de\/wp\/wp-content\/uploads\/2019\/04\/x70b4.gif&#8220; _builder_version=&#8220;3.21.2&#8243; z_index_tablet=&#8220;500&#8243;]<\/p>\n<p style=\"text-align: center;\">Vakuum-Vorst\u00f6\u00dfe, gerade, Abtropfspitze und Absaugrohr, mit Kern und H\u00fclse, Duran<\/p>\n<p>[\/et_pb_blurb][\/et_pb_column][et_pb_column type=&#8220;1_4&#8243; _builder_version=&#8220;3.0.47&#8243;][et_pb_blurb image=&#8220;https:\/\/www.glasto.de\/wp\/wp-content\/uploads\/2019\/04\/x70b3.gif&#8220; _builder_version=&#8220;3.21.2&#8243; z_index_tablet=&#8220;500&#8243;]<\/p>\n<p style=\"text-align: center;\">Vakuum-Vorst\u00f6\u00dfe f\u00fcr hochsiedende Fl\u00fcssigkeiten mit Kern und H\u00fclse, Duran<\/p>\n<p>[\/et_pb_blurb][\/et_pb_column][et_pb_column type=&#8220;1_4&#8243; _builder_version=&#8220;3.0.47&#8243;][et_pb_blurb image=&#8220;https:\/\/www.glasto.de\/wp\/wp-content\/uploads\/2019\/04\/x70b2.gif&#8220; _builder_version=&#8220;3.21.2&#8243; z_index_tablet=&#8220;500&#8243;]<\/p>\n<p class=\"p1\" style=\"text-align: center;\">Vakuum-Vorst\u00f6\u00dfe, gebogen <br \/>im Winkel von 105\u00b0, mit Saugrohr, f\u00fcr niedrig siedende Fl\u00fcssigkeiten mit Kern und H\u00fclse, Duran<\/p>\n<p>[\/et_pb_blurb][\/et_pb_column][\/et_pb_row][et_pb_row use_custom_gutter=&#8220;on&#8220; gutter_width=&#8220;2&#8243; custom_padding=&#8220;|||&#8220; custom_margin=&#8220;|auto|-27px|auto||&#8220; make_equal=&#8220;on&#8220; background_color_1=&#8220;rgba(31,120,193,0.2)&#8220; background_color_2=&#8220;rgba(31,120,193,0.2)&#8220; background_color_3=&#8220;rgba(31,120,193,0.2)&#8220; background_color_4=&#8220;rgba(31,120,193,0.2)&#8220; padding_top_1=&#8220;5px&#8220; padding_top_2=&#8220;5px&#8220; padding_top_3=&#8220;5px&#8220; padding_top_4=&#8220;5px&#8220; padding_right_1=&#8220;5px&#8220; padding_right_2=&#8220;5px&#8220; padding_right_3=&#8220;5px&#8220; padding_bottom_1=&#8220;5px&#8220; padding_bottom_2=&#8220;5px&#8220; padding_bottom_3=&#8220;5px&#8220; padding_bottom_4=&#8220;5px&#8220; padding_left_1=&#8220;5px&#8220; padding_left_2=&#8220;5px&#8220; padding_left_3=&#8220;5px&#8220; padding_left_4=&#8220;5px&#8220; _builder_version=&#8220;3.22.3&#8243; background_size=&#8220;initial&#8220; background_position=&#8220;top_left&#8220; background_repeat=&#8220;repeat&#8220; border_width_all=&#8220;2px&#8220; border_color_all=&#8220;#0C71C3&#8243; border_style_all=&#8220;none&#8220; module_alignment=&#8220;center&#8220;][et_pb_column type=&#8220;1_4&#8243; _builder_version=&#8220;3.0.47&#8243;][et_pb_blurb image=&#8220;https:\/\/www.glasto.de\/wp\/wp-content\/uploads\/2019\/04\/s80b2.gif&#8220; _builder_version=&#8220;3.21.2&#8243; z_index_tablet=&#8220;500&#8243;]<\/p>\n<p style=\"text-align: center;\">Allihn-K\u00fchler mit Kern und H\u00fclse, Duran<\/p>\n<p>[\/et_pb_blurb][\/et_pb_column][et_pb_column type=&#8220;1_4&#8243; _builder_version=&#8220;3.0.47&#8243;][et_pb_blurb image=&#8220;https:\/\/www.glasto.de\/wp\/wp-content\/uploads\/2019\/04\/x79b1.gif&#8220; _builder_version=&#8220;3.21.2&#8243; z_index_tablet=&#8220;500&#8243;]<\/p>\n<p style=\"text-align: center;\">Extraktionsaufsatz nach Thielepape mit Zweiweghahn zur Probeentnahme, Duran<\/p>\n<p>[\/et_pb_blurb][\/et_pb_column][et_pb_column type=&#8220;1_4&#8243; _builder_version=&#8220;3.0.47&#8243;][et_pb_blurb image=&#8220;https:\/\/www.glasto.de\/wp\/wp-content\/uploads\/2019\/04\/x67b2.gif&#8220; _builder_version=&#8220;3.22.6&#8243; z_index_tablet=&#8220;500&#8243;]<\/p>\n<p style=\"text-align: center;\">Kugelk\u00fchler nach Allihn, Duran<\/p>\n<p>[\/et_pb_blurb][\/et_pb_column][et_pb_column type=&#8220;1_4&#8243; _builder_version=&#8220;3.0.47&#8243;][et_pb_blurb image=&#8220;https:\/\/www.glasto.de\/wp\/wp-content\/uploads\/2019\/04\/s80b1.gif&#8220; _builder_version=&#8220;3.21.2&#8243; z_index_tablet=&#8220;500&#8243;]<\/p>\n<p class=\"p1\" style=\"text-align: center;\">Dimroth-K\u00fchler, mit Kern, Duran<\/p>\n<p>[\/et_pb_blurb][\/et_pb_column][\/et_pb_row][et_pb_row use_custom_gutter=&#8220;on&#8220; gutter_width=&#8220;2&#8243; custom_padding=&#8220;|||&#8220; custom_margin=&#8220;|||&#8220; make_equal=&#8220;on&#8220; background_color_1=&#8220;rgba(31,120,193,0.2)&#8220; background_color_2=&#8220;rgba(31,120,193,0.2)&#8220; background_color_3=&#8220;rgba(31,120,193,0.2)&#8220; background_color_4=&#8220;rgba(31,120,193,0.2)&#8220; padding_top_1=&#8220;5px&#8220; padding_top_2=&#8220;5px&#8220; padding_top_3=&#8220;5px&#8220; padding_top_4=&#8220;5px&#8220; padding_right_1=&#8220;5px&#8220; padding_right_2=&#8220;5px&#8220; padding_right_3=&#8220;5px&#8220; padding_bottom_1=&#8220;5px&#8220; padding_bottom_2=&#8220;5px&#8220; padding_bottom_3=&#8220;5px&#8220; padding_bottom_4=&#8220;5px&#8220; padding_left_1=&#8220;5px&#8220; padding_left_2=&#8220;5px&#8220; padding_left_3=&#8220;5px&#8220; padding_left_4=&#8220;5px&#8220; _builder_version=&#8220;3.22.3&#8243; background_size=&#8220;initial&#8220; background_position=&#8220;top_left&#8220; background_repeat=&#8220;repeat&#8220; border_width_all=&#8220;2px&#8220; border_color_all=&#8220;#0C71C3&#8243; border_style_all=&#8220;none&#8220; module_alignment=&#8220;center&#8220;][et_pb_column type=&#8220;1_3&#8243; _builder_version=&#8220;3.0.47&#8243;][et_pb_blurb image=&#8220;https:\/\/www.glasto.de\/wp\/wp-content\/uploads\/2019\/04\/s81b1.gif&#8220; _builder_version=&#8220;3.21.2&#8243; z_index_tablet=&#8220;500&#8243;]<\/p>\n<p style=\"text-align: center;\">&#8211; Extraktionsapparat f\u00fcr spezifisch leichte Extraktionsmittel mit Dimroth-K\u00fchler <br \/>NS 45\/40, sowie Verteilungsrohr mit Fritte <br \/>(Por. 0), Duran<\/p>\n<p>[\/et_pb_blurb][\/et_pb_column][et_pb_column type=&#8220;1_3&#8243; _builder_version=&#8220;3.0.47&#8243;][et_pb_blurb image=&#8220;https:\/\/www.glasto.de\/wp\/wp-content\/uploads\/2019\/04\/x117b1.gif&#8220; _builder_version=&#8220;3.21.2&#8243; z_index_tablet=&#8220;500&#8243;]<\/p>\n<p style=\"text-align: center;\">B\u00fcretten mit seitlichen Hahn Klasse AS, amtlich geeicht, Duran &#8211; Klarglas<\/p>\n<p>[\/et_pb_blurb][\/et_pb_column][et_pb_column type=&#8220;1_3&#8243; _builder_version=&#8220;3.0.47&#8243;][et_pb_blurb image=&#8220;https:\/\/www.glasto.de\/wp\/wp-content\/uploads\/2019\/04\/x185b1.gif&#8220; _builder_version=&#8220;3.21.2&#8243; z_index_tablet=&#8220;500&#8243;]<\/p>\n<p style=\"text-align: center;\">Senkrechtk\u00fchler mit Kern NS 45\/40<\/p>\n<p>[\/et_pb_blurb][\/et_pb_column][\/et_pb_row][et_pb_row _builder_version=&#8220;3.22.4&#8243; background_size=&#8220;initial&#8220; background_position=&#8220;top_left&#8220; background_repeat=&#8220;repeat&#8220;][et_pb_column type=&#8220;4_4&#8243; _builder_version=&#8220;3.0.47&#8243;][et_pb_contact_form email=&#8220;firma@glasto.de&#8220; title=&#8220;Wir freuen uns \u00fcber individuelle Anfrage&#8220; custom_message=&#8220;Standardanfertigung &#8211; Anfrage&#8220; admin_label=&#8220;Kontakt&#8220; module_id=&#8220;Kontakt&#8220; module_class=&#8220;Kontakt&#8220; _builder_version=&#8220;3.22.6&#8243; z_index_tablet=&#8220;500&#8243;][et_pb_contact_field field_id=&#8220;Name&#8220; field_title=&#8220;Name&#8220; _builder_version=&#8220;3.22.6&#8243; border_radii=&#8220;on||||&#8220; button_text_size__hover_enabled=&#8220;off&#8220; button_one_text_size__hover_enabled=&#8220;off&#8220; button_two_text_size__hover_enabled=&#8220;off&#8220; button_text_color__hover_enabled=&#8220;off&#8220; button_one_text_color__hover_enabled=&#8220;off&#8220; button_two_text_color__hover_enabled=&#8220;off&#8220; button_border_width__hover_enabled=&#8220;off&#8220; button_one_border_width__hover_enabled=&#8220;off&#8220; button_two_border_width__hover_enabled=&#8220;off&#8220; button_border_color__hover_enabled=&#8220;off&#8220; button_one_border_color__hover_enabled=&#8220;off&#8220; button_two_border_color__hover_enabled=&#8220;off&#8220; button_border_radius__hover_enabled=&#8220;off&#8220; button_one_border_radius__hover_enabled=&#8220;off&#8220; button_two_border_radius__hover_enabled=&#8220;off&#8220; button_letter_spacing__hover_enabled=&#8220;off&#8220; button_one_letter_spacing__hover_enabled=&#8220;off&#8220; button_two_letter_spacing__hover_enabled=&#8220;off&#8220; button_bg_color__hover_enabled=&#8220;off&#8220; button_one_bg_color__hover_enabled=&#8220;off&#8220; button_two_bg_color__hover_enabled=&#8220;off&#8220;][\/et_pb_contact_field][et_pb_contact_field field_id=&#8220;Firma&#8220; field_title=&#8220;Firma&#8220; required_mark=&#8220;off&#8220; _builder_version=&#8220;3.22.6&#8243; width=&#8220;80%&#8220;][\/et_pb_contact_field][et_pb_contact_field field_id=&#8220;Telefon&#8220; field_title=&#8220;Telefon&#8220; _builder_version=&#8220;3.22.6&#8243;][\/et_pb_contact_field][et_pb_contact_field field_id=&#8220;Email&#8220; field_title=&#8220;E-Mail&#8220; field_type=&#8220;email&#8220; _builder_version=&#8220;3.22.6&#8243; border_radii=&#8220;on||||&#8220; button_text_size__hover_enabled=&#8220;off&#8220; button_one_text_size__hover_enabled=&#8220;off&#8220; button_two_text_size__hover_enabled=&#8220;off&#8220; button_text_color__hover_enabled=&#8220;off&#8220; button_one_text_color__hover_enabled=&#8220;off&#8220; button_two_text_color__hover_enabled=&#8220;off&#8220; button_border_width__hover_enabled=&#8220;off&#8220; button_one_border_width__hover_enabled=&#8220;off&#8220; button_two_border_width__hover_enabled=&#8220;off&#8220; button_border_color__hover_enabled=&#8220;off&#8220; button_one_border_color__hover_enabled=&#8220;off&#8220; button_two_border_color__hover_enabled=&#8220;off&#8220; button_border_radius__hover_enabled=&#8220;off&#8220; button_one_border_radius__hover_enabled=&#8220;off&#8220; button_two_border_radius__hover_enabled=&#8220;off&#8220; button_letter_spacing__hover_enabled=&#8220;off&#8220; button_one_letter_spacing__hover_enabled=&#8220;off&#8220; button_two_letter_spacing__hover_enabled=&#8220;off&#8220; button_bg_color__hover_enabled=&#8220;off&#8220; button_one_bg_color__hover_enabled=&#8220;off&#8220; button_two_bg_color__hover_enabled=&#8220;off&#8220;][\/et_pb_contact_field][et_pb_contact_field field_id=&#8220;Message&#8220; field_title=&#8220;Nachricht&#8220; field_type=&#8220;text&#8220; fullwidth_field=&#8220;on&#8220; _builder_version=&#8220;3.22.6&#8243; border_radii=&#8220;on||||&#8220; button_text_size__hover_enabled=&#8220;off&#8220; button_one_text_size__hover_enabled=&#8220;off&#8220; button_two_text_size__hover_enabled=&#8220;off&#8220; button_text_color__hover_enabled=&#8220;off&#8220; button_one_text_color__hover_enabled=&#8220;off&#8220; button_two_text_color__hover_enabled=&#8220;off&#8220; button_border_width__hover_enabled=&#8220;off&#8220; button_one_border_width__hover_enabled=&#8220;off&#8220; button_two_border_width__hover_enabled=&#8220;off&#8220; button_border_color__hover_enabled=&#8220;off&#8220; button_one_border_color__hover_enabled=&#8220;off&#8220; button_two_border_color__hover_enabled=&#8220;off&#8220; button_border_radius__hover_enabled=&#8220;off&#8220; button_one_border_radius__hover_enabled=&#8220;off&#8220; button_two_border_radius__hover_enabled=&#8220;off&#8220; button_letter_spacing__hover_enabled=&#8220;off&#8220; button_one_letter_spacing__hover_enabled=&#8220;off&#8220; button_two_letter_spacing__hover_enabled=&#8220;off&#8220; button_bg_color__hover_enabled=&#8220;off&#8220; button_one_bg_color__hover_enabled=&#8220;off&#8220; button_two_bg_color__hover_enabled=&#8220;off&#8220;][\/et_pb_contact_field][\/et_pb_contact_form][\/et_pb_column][\/et_pb_row][\/et_pb_section]<\/p>\n","protected":false},"excerpt":{"rendered":"<p>[et_pb_section fb_built=&#8220;1&#8243; _builder_version=&#8220;3.22.3&#8243; min_height=&#8220;2812px&#8220;][et_pb_row custom_margin=&#8220;-52px|auto||auto||&#8220; _builder_version=&#8220;3.22.3&#8243; min_height=&#8220;149px&#8220;][et_pb_column type=&#8220;4_4&#8243; _builder_version=&#8220;3.21.2&#8243;][et_pb_text _builder_version=&#8220;3.22.4&#8243; min_height=&#8220;86px&#8220; z_index_tablet=&#8220;500&#8243;] Glasapparate, Laborger\u00e4te und Gebrauchsgegenst\u00e4nde &nbsp; Glasapparate f\u00fcr die chemische Industrie, Laborger\u00e4te und Gebrauchsger\u00e4te geh\u00f6ren zu den Standardanfertigungen in unserem Haus. Wir haben Ihnen hier ein paar Beispiele zu unserem Lieferprogramm zusammengestellt. Wegen der Vielfalt des Angebotes bitten wir Sie doch einfach bei uns [&hellip;]<\/p>\n","protected":false},"author":1,"featured_media":0,"parent":0,"menu_order":0,"comment_status":"closed","ping_status":"closed","template":"","meta":{"_et_pb_use_builder":"on","_et_pb_old_content":""},"_links":{"self":[{"href":"https:\/\/www.glasto.de\/wp\/wp-json\/wp\/v2\/pages\/195"}],"collection":[{"href":"https:\/\/www.glasto.de\/wp\/wp-json\/wp\/v2\/pages"}],"about":[{"href":"https:\/\/www.glasto.de\/wp\/wp-json\/wp\/v2\/types\/page"}],"author":[{"embeddable":true,"href":"https:\/\/www.glasto.de\/wp\/wp-json\/wp\/v2\/users\/1"}],"replies":[{"embeddable":true,"href":"https:\/\/www.glasto.de\/wp\/wp-json\/wp\/v2\/comments?post=195"}],"version-history":[{"count":21,"href":"https:\/\/www.glasto.de\/wp\/wp-json\/wp\/v2\/pages\/195\/revisions"}],"predecessor-version":[{"id":320,"href":"https:\/\/www.glasto.de\/wp\/wp-json\/wp\/v2\/pages\/195\/revisions\/320"}],"wp:attachment":[{"href":"https:\/\/www.glasto.de\/wp\/wp-json\/wp\/v2\/media?parent=195"}],"curies":[{"name":"wp","href":"https:\/\/api.w.org\/{rel}","templated":true}]}}