{"id":241,"date":"2019-04-25T19:12:48","date_gmt":"2019-04-25T17:12:48","guid":{"rendered":"https:\/\/www.glasto.de\/wp\/?page_id=241"},"modified":"2021-08-10T10:46:07","modified_gmt":"2021-08-10T08:46:07","slug":"impressum","status":"publish","type":"page","link":"https:\/\/www.glasto.de\/wp\/impressum\/","title":{"rendered":"Impressum"},"content":{"rendered":"<p>[et_pb_section fb_built=&#8220;1&#8243; admin_label=&#8220;section&#8220; _builder_version=&#8220;3.22&#8243;][et_pb_row admin_label=&#8220;row&#8220; _builder_version=&#8220;3.25&#8243; background_size=&#8220;initial&#8220; background_position=&#8220;top_left&#8220; background_repeat=&#8220;repeat&#8220;][et_pb_column type=&#8220;4_4&#8243; _builder_version=&#8220;3.25&#8243; custom_padding=&#8220;|||&#8220; custom_padding__hover=&#8220;|||&#8220;][et_pb_text admin_label=&#8220;Text&#8220; _builder_version=&#8220;4.0.11&#8243; background_size=&#8220;initial&#8220; background_position=&#8220;top_left&#8220; background_repeat=&#8220;repeat&#8220;]<\/p>\n<p><strong>Angaben gem\u00e4\u00df \u00a7 5 TMG:<\/strong><\/p>\n<p><strong>Paul Stollwerk Glasbl\u00e4serei<\/strong><br \/>Glasbl\u00e4serei \u00b7 Glasger\u00e4te und Apparaturen \u00b7 Labor-Bedarf<br \/>Inhaber Oliver Stollwerk<br \/>Untere Dorfstra\u00dfe 21a<br \/>D-84547 Emmerting<br \/>Tel.: +49 (0) 8679 &#8211; 6359<br \/>Fax: +49 (0) 8679 &#8211; 5438<br \/>E-Mail: firma(at)glasto.de<br \/>Internet: www.glasto.de<\/p>\n<p><strong>Registereintrag:<\/strong><br \/>Eintragung im Handelsregister.<br \/>Amtsgericht: Traunstein<br \/>Registernummer: HRA 5008<\/p>\n<p><strong>Umsatzsteuer-ID:<\/strong><br \/>Umsatzsteuer-Identifikationsnummer gem\u00e4\u00df \u00a727 a Umsatzsteuergesetz<br \/>DE257227353<\/p>\n<p><a href=\"https:\/\/www.glasto.de\/wp\/wp-content\/uploads\/2019\/04\/AGB.pdf\">Es gelten unsere allgemienen Gesch\u00e4ftsbedingungen, die Sie hier zum Download finden.<\/a><\/p>\n<p><strong>Hinweise:<\/strong><\/p>\n<p>Firma Paul Stollwerk Glasbl\u00e4serei \u00fcbernimmt f\u00fcr Angaben und Informationen, die auf der Webseite www.glasto.de enthalten sind, keinerlei Gew\u00e4hr f\u00fcr Aktualit\u00e4t, Richtigkeit, Vollst\u00e4ndigkeit oder Qualit\u00e4t der bereitgestellten Angaben und Informationen. Haftungsanspr\u00fcche gegen Firma Paul Stollwerk Glasbl\u00e4serei, die sich auf Sch\u00e4den materieller oder immaterieller Art beziehen, die durch Nutzung oder Nichtnutzung der bereitgestellten Informationen bzw. durch die Nutzung unrichtiger oder unvollst\u00e4ndiger Informationen verursacht wurden, sind ausgeschlossen, sofern nicht nachweislich vors\u00e4tzliches oder grob fahrl\u00e4ssiges Verschulden der Firma Paul Stollwerk Glasbl\u00e4serei vorliegt. Alle Angebote sind freibleibend und unverbindlich. Firma Paul Stollwerk Glasbl\u00e4serei beh\u00e4lt sich ausdr\u00fccklich vor, die bereitgestellten Informationen ganz oder teilweise ohne gesonderte vorherige Ank\u00fcndigung zu ver\u00e4ndern, zu erg\u00e4nzen, zu l\u00f6schen oder die Ver\u00f6ffentlichung zeitweise oder vollst\u00e4ndig einzustellen.<\/p>\n<p>Unser Angebot enth\u00e4lt Links zu externen Webseiten Dritter. Auf die aktuelle und zuk\u00fcnftige Gestaltung, die Inhalte oder die Urheberschaft der verlinkten Seiten hat Firma Paul Stollwerk Glasbl\u00e4serei keinen Einfluss. Firma Paul Stollwerk Glasbl\u00e4serei ist nicht verantwortlich f\u00fcr den Inhalt dieser Webseiten und \u00fcbernimmt keine Haftung f\u00fcr diese. F\u00fcr illegale, unrichtige oder unvollst\u00e4ndige Inhalte und insbesondere f\u00fcr Sch\u00e4den, die aus der Nutzung oder Nichtnutzung derartiger bereitgestellter Informationen entstehen, haftet allein der verantwortliche Autor, auf dessen Webseite verwiesen wurde.<\/p>\n<p>Realisierung:<\/p>\n<p>SIMSALAMEDIA<br \/>Monika Vitzthum<br \/>Knoglerstr. 7<br \/>84547 Emmerting<br \/>Tel.: 08679\/966393<br \/><a href=\"mailto:info@simsalamedia.de\">info@simsalamedia.de<\/a><br \/><a href=\"http:\/\/www.simsalamedia.de\" target=\"_blank\" rel=\"noopener noreferrer\">www.SIMSALAMEDIA.de<\/a><\/p>\n<p>[\/et_pb_text][\/et_pb_column][\/et_pb_row][\/et_pb_section]<\/p>\n","protected":false},"excerpt":{"rendered":"<p>[et_pb_section fb_built=&#8220;1&#8243; admin_label=&#8220;section&#8220; _builder_version=&#8220;3.22&#8243;][et_pb_row admin_label=&#8220;row&#8220; _builder_version=&#8220;3.25&#8243; background_size=&#8220;initial&#8220; background_position=&#8220;top_left&#8220; background_repeat=&#8220;repeat&#8220;][et_pb_column type=&#8220;4_4&#8243; _builder_version=&#8220;3.25&#8243; custom_padding=&#8220;|||&#8220; custom_padding__hover=&#8220;|||&#8220;][et_pb_text admin_label=&#8220;Text&#8220; _builder_version=&#8220;4.0.11&#8243; background_size=&#8220;initial&#8220; background_position=&#8220;top_left&#8220; background_repeat=&#8220;repeat&#8220;] Angaben gem\u00e4\u00df \u00a7 5 TMG: Paul Stollwerk Glasbl\u00e4sereiGlasbl\u00e4serei \u00b7 Glasger\u00e4te und Apparaturen \u00b7 Labor-BedarfInhaber Oliver StollwerkUntere Dorfstra\u00dfe 21aD-84547 EmmertingTel.: +49 (0) 8679 &#8211; 6359Fax: +49 (0) 8679 &#8211; 5438E-Mail: firma(at)glasto.deInternet: www.glasto.de Registereintrag:Eintragung im Handelsregister.Amtsgericht: TraunsteinRegisternummer: HRA 5008 [&hellip;]<\/p>\n","protected":false},"author":1,"featured_media":0,"parent":0,"menu_order":0,"comment_status":"closed","ping_status":"closed","template":"","meta":{"_et_pb_use_builder":"on","_et_pb_old_content":"<strong>Angaben gem\u00e4\u00df \u00a7 5 TMG:<\/strong>\r\n\r\n<strong>Paul Stollwerk Glasbl\u00e4serei<\/strong>\r\nGlasbl\u00e4serei \u00b7 Glasger\u00e4te und Apparaturen \u00b7 Labor-Bedarf\r\nUntere Dorfstra\u00dfe 21a\r\nD-84547 Emmerting\r\nTel.: +49 (0) 8679 - 6359\r\nFax: +49 (0) 8679 - 5438\r\nE-Mail: firma(at)glasto.de\r\nInternet: www.glasto.de\r\n\r\n<strong>Registereintrag:<\/strong>\r\nEintragung im Handelsregister.\r\nAmtsgericht: Traunstein\r\nRegisternummer: HRA 5008\r\n\r\n<strong>Umsatzsteuer-ID:<\/strong>\r\nUmsatzsteuer-Identifikationsnummer gem\u00e4\u00df \u00a727 a Umsatzsteuergesetz\r\nDE257227353\r\n\r\n<a href=\"https:\/\/www.glasto.de\/wp\/wp-content\/uploads\/2019\/04\/AGB.pdf\">Es gelten unsere allgemienen Gesch\u00e4ftsbedingungen, die Sie hier zum Download finden.<\/a>\r\n\r\n<strong>Hinweise:<\/strong>\r\n\r\nFirma Paul Stollwerk Glasbl\u00e4serei \u00fcbernimmt f\u00fcr Angaben und Informationen, die auf der Webseite www.glasto.de enthalten sind, keinerlei Gew\u00e4hr f\u00fcr Aktualit\u00e4t, Richtigkeit, Vollst\u00e4ndigkeit oder Qualit\u00e4t der bereitgestellten Angaben und Informationen. Haftungsanspr\u00fcche gegen Firma Paul Stollwerk Glasbl\u00e4serei, die sich auf Sch\u00e4den materieller oder immaterieller Art beziehen, die durch Nutzung oder Nichtnutzung der bereitgestellten Informationen bzw. durch die Nutzung unrichtiger oder unvollst\u00e4ndiger Informationen verursacht wurden, sind ausgeschlossen, sofern nicht nachweislich vors\u00e4tzliches oder grob fahrl\u00e4ssiges Verschulden der Firma Paul Stollwerk Glasbl\u00e4serei vorliegt. Alle Angebote sind freibleibend und unverbindlich. Firma Paul Stollwerk Glasbl\u00e4serei beh\u00e4lt sich ausdr\u00fccklich vor, die bereitgestellten Informationen ganz oder teilweise ohne gesonderte vorherige Ank\u00fcndigung zu ver\u00e4ndern, zu erg\u00e4nzen, zu l\u00f6schen oder die Ver\u00f6ffentlichung zeitweise oder vollst\u00e4ndig einzustellen.\r\n\r\nUnser Angebot enth\u00e4lt Links zu externen Webseiten Dritter. Auf die aktuelle und zuk\u00fcnftige Gestaltung, die Inhalte oder die Urheberschaft der verlinkten Seiten hat Firma Paul Stollwerk Glasbl\u00e4serei keinen Einfluss. Firma Paul Stollwerk Glasbl\u00e4serei ist nicht verantwortlich f\u00fcr den Inhalt dieser Webseiten und \u00fcbernimmt keine Haftung f\u00fcr diese. F\u00fcr illegale, unrichtige oder unvollst\u00e4ndige Inhalte und insbesondere f\u00fcr Sch\u00e4den, die aus der Nutzung oder Nichtnutzung derartiger bereitgestellter Informationen entstehen, haftet allein der verantwortliche Autor, auf dessen Webseite verwiesen wurde.\r\n\r\nRealisierung:\r\n\r\nSIMSALAMEDIA\r\nMonika Vitzthum\r\nKnoglerstr. 7\r\n84547 Emmerting\r\nTel.: 08679\/966393\r\n<a href=\"mailto:info@simsalamedia.de\">info@simsalamedia.de<\/a>\r\n<a href=\"http:\/\/www.simsalamedia.de\" target=\"_blank\" rel=\"noopener noreferrer\">www.SIMSALAMEDIA.de<\/a>"},"_links":{"self":[{"href":"https:\/\/www.glasto.de\/wp\/wp-json\/wp\/v2\/pages\/241"}],"collection":[{"href":"https:\/\/www.glasto.de\/wp\/wp-json\/wp\/v2\/pages"}],"about":[{"href":"https:\/\/www.glasto.de\/wp\/wp-json\/wp\/v2\/types\/page"}],"author":[{"embeddable":true,"href":"https:\/\/www.glasto.de\/wp\/wp-json\/wp\/v2\/users\/1"}],"replies":[{"embeddable":true,"href":"https:\/\/www.glasto.de\/wp\/wp-json\/wp\/v2\/comments?post=241"}],"version-history":[{"count":5,"href":"https:\/\/www.glasto.de\/wp\/wp-json\/wp\/v2\/pages\/241\/revisions"}],"predecessor-version":[{"id":328,"href":"https:\/\/www.glasto.de\/wp\/wp-json\/wp\/v2\/pages\/241\/revisions\/328"}],"wp:attachment":[{"href":"https:\/\/www.glasto.de\/wp\/wp-json\/wp\/v2\/media?parent=241"}],"curies":[{"name":"wp","href":"https:\/\/api.w.org\/{rel}","templated":true}]}}